{"id":95,"date":"2022-09-06T17:16:59","date_gmt":"2022-09-06T15:16:59","guid":{"rendered":"https:\/\/lespomskydestella.com\/?page_id=95"},"modified":"2022-09-06T17:16:59","modified_gmt":"2022-09-06T15:16:59","slug":"politique-de-confidentialite-2","status":"publish","type":"page","link":"https:\/\/lespomskydestella.com\/index.php\/politique-de-confidentialite-2\/","title":{"rendered":"Politique de Confidentialit\u00e9"},"content":{"rendered":"\n<p>Dans le cadre de son activit\u00e9, Nikomacoon\u2019s Cattery, via le site internet&nbsp;<a href=\"https:\/\/www.nikomacoons-cattery.com\/\">https:\/\/www.nikomacoons-cattery.com<\/a>, est amen\u00e9e \u00e0 collecter et \u00e0 traiter des informations dont certaines sont qualifi\u00e9es de \u00ab donn\u00e9es personnelles \u00bb. Une grande importance est attach\u00e9 au respect de la vie priv\u00e9e, avec une utilisation des donn\u00e9es uniquement de mani\u00e8re responsable et confidentielle et dans une finalit\u00e9 pr\u00e9cise.<\/p>\n\n\n\n<h2 class=\"wp-block-heading\">Donn\u00e9es personnelles<\/h2>\n\n\n\n<p>Sur le site web&nbsp;<a href=\"https:\/\/www.lespomskydestella.com\">https:\/\/www.lespomskydestella.com<\/a>  <a href=\"http:\/\/lespomskydestella.com\">, <\/a>2 types de donn\u00e9es sont susceptibles d\u2019\u00eatre recueillies :<\/p>\n\n\n\n<p><strong>Les donn\u00e9es transmises directement<\/strong><\/p>\n\n\n\n<ul class=\"wp-block-list\">\n<li>Ces donn\u00e9es sont celles que vous transmettez directement, via un formulaire de contact ou bien par contact direct par e-mail.<\/li>\n<\/ul>\n\n\n\n<p><strong>Les donn\u00e9es collect\u00e9es automatiquement<\/strong><\/p>\n\n\n\n<ul class=\"wp-block-list\">\n<li>Lors de vos visites, une fois votre consentement donn\u00e9, des informations de type \u00ab web analytics \u00bb sont recueillies, relatives \u00e0 votre navigation, la dur\u00e9e de votre consultation, votre adresse IP, votre type et version de navigateur. La technologie utilis\u00e9e est le cookie.<\/li>\n<\/ul>\n\n\n\n<h2 class=\"wp-block-heading\">Utilisation des donn\u00e9es<\/h2>\n\n\n\n<p>Les donn\u00e9es que vous transmettez directement sont utilis\u00e9es dans le but de vous re-contacter et\/ou dans le cadre de la demande que vous faites. Les donn\u00e9es \u00ab web analytics \u00bb sont collect\u00e9es de forme anonyme (en enregistrant des adresses IP anonymes) par Google Analytics, et permettent de mesurer l\u2019audience du site web, les consultations et les \u00e9ventuelles erreurs afin d\u2019am\u00e9liorer constamment l\u2019exp\u00e9rience des utilisateurs. Ces donn\u00e9es sont utilis\u00e9es par Nathalie DEBRENNE, responsable du traitement des donn\u00e9es, et ne seront jamais c\u00e9d\u00e9es \u00e0 un tiers ni utilis\u00e9es \u00e0 d\u2019autres fins que celles d\u00e9taill\u00e9es ci-dessus.<\/p>\n\n\n\n<h2 class=\"wp-block-heading\">Base l\u00e9gale<\/h2>\n\n\n\n<p>Les donn\u00e9es personnelles ne sont collect\u00e9es qu\u2019apr\u00e8s consentement obligatoire de l\u2019utilisateur. Ce consentement est valablement recueilli (boutons et cases \u00e0 cocher), libre, clair et sans \u00e9quivoque.<\/p>\n\n\n\n<h2 class=\"wp-block-heading\">Dur\u00e9e de conservation<\/h2>\n\n\n\n<p>Les donn\u00e9es seront sauvegard\u00e9es durant une dur\u00e9e maximale de 3 ans.<\/p>\n\n\n\n<h2 class=\"wp-block-heading\">Contenu embarqu\u00e9 depuis un autre site<\/h2>\n\n\n\n<p>Les articles et pages de ce site peuvent inclure des contenus int\u00e9gr\u00e9s (par exemple des vid\u00e9os, images, articles\u2026). Le contenu int\u00e9gr\u00e9 depuis d\u2019autres sites se comporte de la m\u00eame mani\u00e8re que si le visiteur se rendait sur cet autre site.<\/p>\n\n\n\n<p>Ces sites web pourraient collecter des donn\u00e9es sur vous, utiliser des cookies, embarquer des outils de suivis tiers, suivre vos interactions avec ces contenus embarqu\u00e9s si vous disposez d\u2019un compte connect\u00e9 sur leur site web.<\/p>\n\n\n\n<h2 class=\"wp-block-heading\">Cookies<\/h2>\n\n\n\n<p>Voici la liste des cookies utilis\u00e9es et leur objectif :<\/p>\n\n\n\n<ul class=\"wp-block-list\">\n<li><strong>Cookies Google Analytics<\/strong>&nbsp;(<a rel=\"noreferrer noopener\" href=\"https:\/\/developers.google.com\/analytics\/devguides\/collection\/analyticsjs\/cookie-usage\" target=\"_blank\">liste exhaustive<\/a>) : Web analytics<\/li>\n<\/ul>\n\n\n\n<h2 class=\"wp-block-heading\">Vos droits concernant les donn\u00e9es personnelles<\/h2>\n\n\n\n<p>Vous avez le droit de consultation, demande de modification ou d\u2019effacement sur l\u2019ensemble de vos donn\u00e9es personnelles. Vous pouvez \u00e9galement retirer votre consentement au traitement de vos donn\u00e9es.<\/p>\n","protected":false},"excerpt":{"rendered":"<p>Dans le cadre de son activit\u00e9, Nikomacoon\u2019s Cattery, via le site internet&nbsp;https:\/\/www.nikomacoons-cattery.com, est amen\u00e9e \u00e0 collecter et \u00e0 traiter des informations dont certaines sont qualifi\u00e9es de \u00ab donn\u00e9es personnelles \u00bb. Une grande importance est attach\u00e9 au respect de la vie priv\u00e9e, avec une utilisation des donn\u00e9es uniquement de mani\u00e8re responsable et confidentielle et dans une finalit\u00e9 pr\u00e9cise. Donn\u00e9es personnelles Sur le site web&nbsp;https:\/\/www.lespomskydestella.com , 2 types de donn\u00e9es sont susceptibles d\u2019\u00eatre recueillies : Les donn\u00e9es transmises directement Les donn\u00e9es collect\u00e9es automatiquement Utilisation des donn\u00e9es Les donn\u00e9es que vous transmettez directement sont utilis\u00e9es dans le but de vous re-contacter et\/ou dans le cadre de la demande que vous faites. Les donn\u00e9es \u00ab web analytics \u00bb sont collect\u00e9es de forme anonyme (en enregistrant des adresses IP anonymes) par Google Analytics, et permettent de mesurer l\u2019audience du site web, les consultations et les \u00e9ventuelles erreurs afin d\u2019am\u00e9liorer constamment l\u2019exp\u00e9rience des utilisateurs. Ces donn\u00e9es sont utilis\u00e9es par Nathalie DEBRENNE, responsable du traitement des donn\u00e9es, et ne seront jamais c\u00e9d\u00e9es \u00e0 un tiers ni utilis\u00e9es \u00e0 d\u2019autres fins que celles d\u00e9taill\u00e9es ci-dessus. Base l\u00e9gale Les donn\u00e9es personnelles ne sont collect\u00e9es qu\u2019apr\u00e8s consentement obligatoire de l\u2019utilisateur. Ce consentement est valablement recueilli (boutons et cases \u00e0 cocher), libre, clair et sans \u00e9quivoque. Dur\u00e9e de conservation Les donn\u00e9es seront sauvegard\u00e9es durant une dur\u00e9e maximale de 3 ans. Contenu embarqu\u00e9 depuis un autre site Les articles et pages de ce site peuvent inclure des contenus int\u00e9gr\u00e9s (par exemple des vid\u00e9os, images, articles\u2026). Le contenu int\u00e9gr\u00e9 depuis d\u2019autres sites se comporte de la m\u00eame mani\u00e8re que si le visiteur se rendait sur cet autre site. Ces sites web pourraient collecter des donn\u00e9es sur vous, utiliser des cookies, embarquer des outils de suivis tiers, suivre vos interactions avec ces contenus embarqu\u00e9s si vous disposez d\u2019un compte connect\u00e9 sur leur site web. Cookies Voici la liste des cookies utilis\u00e9es et leur objectif : Vos droits concernant les donn\u00e9es personnelles Vous avez le droit de consultation, demande de modification ou d\u2019effacement sur l\u2019ensemble de vos donn\u00e9es personnelles. Vous pouvez \u00e9galement retirer votre consentement au traitement de vos donn\u00e9es.<\/p>\n","protected":false},"author":2,"featured_media":0,"parent":0,"menu_order":0,"comment_status":"closed","ping_status":"closed","template":"","meta":{"_uag_custom_page_level_css":"","_monsterinsights_skip_tracking":false,"_monsterinsights_sitenote_active":false,"_monsterinsights_sitenote_note":"","_monsterinsights_sitenote_category":0,"site-sidebar-layout":"default","site-content-layout":"","ast-site-content-layout":"","site-content-style":"default","site-sidebar-style":"default","ast-global-header-display":"","ast-banner-title-visibility":"","ast-main-header-display":"","ast-hfb-above-header-display":"","ast-hfb-below-header-display":"","ast-hfb-mobile-header-display":"","site-post-title":"","ast-breadcrumbs-content":"","ast-featured-img":"","footer-sml-layout":"","theme-transparent-header-meta":"","adv-header-id-meta":"","stick-header-meta":"","header-above-stick-meta":"","header-main-stick-meta":"","header-below-stick-meta":"","astra-migrate-meta-layouts":"default","ast-page-background-enabled":"default","ast-page-background-meta":{"desktop":{"background-color":"var(--ast-global-color-4)","background-image":"","background-repeat":"repeat","background-position":"center center","background-size":"auto","background-attachment":"scroll","background-type":"","background-media":"","overlay-type":"","overlay-color":"","overlay-gradient":""},"tablet":{"background-color":"","background-image":"","background-repeat":"repeat","background-position":"center center","background-size":"auto","background-attachment":"scroll","background-type":"","background-media":"","overlay-type":"","overlay-color":"","overlay-gradient":""},"mobile":{"background-color":"","background-image":"","background-repeat":"repeat","background-position":"center center","background-size":"auto","background-attachment":"scroll","background-type":"","background-media":"","overlay-type":"","overlay-color":"","overlay-gradient":""}},"ast-content-background-meta":{"desktop":{"background-color":"var(--ast-global-color-5)","background-image":"","background-repeat":"repeat","background-position":"center center","background-size":"auto","background-attachment":"scroll","background-type":"","background-media":"","overlay-type":"","overlay-color":"","overlay-gradient":""},"tablet":{"background-color":"var(--ast-global-color-5)","background-image":"","background-repeat":"repeat","background-position":"center center","background-size":"auto","background-attachment":"scroll","background-type":"","background-media":"","overlay-type":"","overlay-color":"","overlay-gradient":""},"mobile":{"background-color":"var(--ast-global-color-5)","background-image":"","background-repeat":"repeat","background-position":"center center","background-size":"auto","background-attachment":"scroll","background-type":"","background-media":"","overlay-type":"","overlay-color":"","overlay-gradient":""}},"footnotes":""},"class_list":["post-95","page","type-page","status-publish","hentry"],"yoast_head":"<!-- This site is optimized with the Yoast SEO plugin v24.9 - https:\/\/yoast.com\/wordpress\/plugins\/seo\/ -->\n<title>Politique de Confidentialit\u00e9 -<\/title>\n<meta name=\"robots\" content=\"index, follow, max-snippet:-1, max-image-preview:large, max-video-preview:-1\" \/>\n<link rel=\"canonical\" href=\"https:\/\/lespomskydestella.com\/index.php\/politique-de-confidentialite-2\/\" \/>\n<meta property=\"og:locale\" content=\"en_US\" \/>\n<meta property=\"og:type\" content=\"article\" \/>\n<meta property=\"og:title\" content=\"Politique de Confidentialit\u00e9 -\" \/>\n<meta property=\"og:description\" content=\"Dans le cadre de son activit\u00e9, Nikomacoon\u2019s Cattery, via le site internet&nbsp;https:\/\/www.nikomacoons-cattery.com, est amen\u00e9e \u00e0 collecter et \u00e0 traiter des informations dont certaines sont qualifi\u00e9es de \u00ab donn\u00e9es personnelles \u00bb. Une grande importance est attach\u00e9 au respect de la vie priv\u00e9e, avec une utilisation des donn\u00e9es uniquement de mani\u00e8re responsable et confidentielle et dans une finalit\u00e9 pr\u00e9cise. Donn\u00e9es personnelles Sur le site web&nbsp;https:\/\/www.lespomskydestella.com , 2 types de donn\u00e9es sont susceptibles d\u2019\u00eatre recueillies : Les donn\u00e9es transmises directement Les donn\u00e9es collect\u00e9es automatiquement Utilisation des donn\u00e9es Les donn\u00e9es que vous transmettez directement sont utilis\u00e9es dans le but de vous re-contacter et\/ou dans le cadre de la demande que vous faites. Les donn\u00e9es \u00ab web analytics \u00bb sont collect\u00e9es de forme anonyme (en enregistrant des adresses IP anonymes) par Google Analytics, et permettent de mesurer l\u2019audience du site web, les consultations et les \u00e9ventuelles erreurs afin d\u2019am\u00e9liorer constamment l\u2019exp\u00e9rience des utilisateurs. Ces donn\u00e9es sont utilis\u00e9es par Nathalie DEBRENNE, responsable du traitement des donn\u00e9es, et ne seront jamais c\u00e9d\u00e9es \u00e0 un tiers ni utilis\u00e9es \u00e0 d\u2019autres fins que celles d\u00e9taill\u00e9es ci-dessus. Base l\u00e9gale Les donn\u00e9es personnelles ne sont collect\u00e9es qu\u2019apr\u00e8s consentement obligatoire de l\u2019utilisateur. Ce consentement est valablement recueilli (boutons et cases \u00e0 cocher), libre, clair et sans \u00e9quivoque. Dur\u00e9e de conservation Les donn\u00e9es seront sauvegard\u00e9es durant une dur\u00e9e maximale de 3 ans. Contenu embarqu\u00e9 depuis un autre site Les articles et pages de ce site peuvent inclure des contenus int\u00e9gr\u00e9s (par exemple des vid\u00e9os, images, articles\u2026). Le contenu int\u00e9gr\u00e9 depuis d\u2019autres sites se comporte de la m\u00eame mani\u00e8re que si le visiteur se rendait sur cet autre site. Ces sites web pourraient collecter des donn\u00e9es sur vous, utiliser des cookies, embarquer des outils de suivis tiers, suivre vos interactions avec ces contenus embarqu\u00e9s si vous disposez d\u2019un compte connect\u00e9 sur leur site web. Cookies Voici la liste des cookies utilis\u00e9es et leur objectif : Vos droits concernant les donn\u00e9es personnelles Vous avez le droit de consultation, demande de modification ou d\u2019effacement sur l\u2019ensemble de vos donn\u00e9es personnelles. Vous pouvez \u00e9galement retirer votre consentement au traitement de vos donn\u00e9es.\" \/>\n<meta property=\"og:url\" content=\"https:\/\/lespomskydestella.com\/index.php\/politique-de-confidentialite-2\/\" \/>\n<meta name=\"twitter:card\" content=\"summary_large_image\" \/>\n<script type=\"application\/ld+json\" class=\"yoast-schema-graph\">{\"@context\":\"https:\/\/schema.org\",\"@graph\":[{\"@type\":\"WebPage\",\"@id\":\"https:\/\/lespomskydestella.com\/index.php\/politique-de-confidentialite-2\/\",\"url\":\"https:\/\/lespomskydestella.com\/index.php\/politique-de-confidentialite-2\/\",\"name\":\"Politique de Confidentialit\u00e9 -\",\"isPartOf\":{\"@id\":\"https:\/\/lespomskydestella.com\/#website\"},\"datePublished\":\"2022-09-06T15:16:59+00:00\",\"breadcrumb\":{\"@id\":\"https:\/\/lespomskydestella.com\/index.php\/politique-de-confidentialite-2\/#breadcrumb\"},\"inLanguage\":\"en-US\",\"potentialAction\":[{\"@type\":\"ReadAction\",\"target\":[\"https:\/\/lespomskydestella.com\/index.php\/politique-de-confidentialite-2\/\"]}]},{\"@type\":\"BreadcrumbList\",\"@id\":\"https:\/\/lespomskydestella.com\/index.php\/politique-de-confidentialite-2\/#breadcrumb\",\"itemListElement\":[{\"@type\":\"ListItem\",\"position\":1,\"name\":\"Accueil\",\"item\":\"https:\/\/lespomskydestella.com\/\"},{\"@type\":\"ListItem\",\"position\":2,\"name\":\"Politique de Confidentialit\u00e9\"}]},{\"@type\":\"WebSite\",\"@id\":\"https:\/\/lespomskydestella.com\/#website\",\"url\":\"https:\/\/lespomskydestella.com\/\",\"name\":\"les pomsky de stella\",\"description\":\"\",\"publisher\":{\"@id\":\"https:\/\/lespomskydestella.com\/#organization\"},\"potentialAction\":[{\"@type\":\"SearchAction\",\"target\":{\"@type\":\"EntryPoint\",\"urlTemplate\":\"https:\/\/lespomskydestella.com\/?s={search_term_string}\"},\"query-input\":{\"@type\":\"PropertyValueSpecification\",\"valueRequired\":true,\"valueName\":\"search_term_string\"}}],\"inLanguage\":\"en-US\"},{\"@type\":\"Organization\",\"@id\":\"https:\/\/lespomskydestella.com\/#organization\",\"name\":\"les pomsky de stella\",\"url\":\"https:\/\/lespomskydestella.com\/\",\"logo\":{\"@type\":\"ImageObject\",\"inLanguage\":\"en-US\",\"@id\":\"https:\/\/lespomskydestella.com\/#\/schema\/logo\/image\/\",\"url\":\"https:\/\/lespomskydestella.com\/wp-content\/uploads\/2023\/08\/cropped-Calque-1-copie-4xhdpi-1.png\",\"contentUrl\":\"https:\/\/lespomskydestella.com\/wp-content\/uploads\/2023\/08\/cropped-Calque-1-copie-4xhdpi-1.png\",\"width\":242,\"height\":257,\"caption\":\"les pomsky de stella\"},\"image\":{\"@id\":\"https:\/\/lespomskydestella.com\/#\/schema\/logo\/image\/\"}}]}<\/script>\n<!-- \/ Yoast SEO plugin. -->","yoast_head_json":{"title":"Politique de Confidentialit\u00e9 -","robots":{"index":"index","follow":"follow","max-snippet":"max-snippet:-1","max-image-preview":"max-image-preview:large","max-video-preview":"max-video-preview:-1"},"canonical":"https:\/\/lespomskydestella.com\/index.php\/politique-de-confidentialite-2\/","og_locale":"en_US","og_type":"article","og_title":"Politique de Confidentialit\u00e9 -","og_description":"Dans le cadre de son activit\u00e9, Nikomacoon\u2019s Cattery, via le site internet&nbsp;https:\/\/www.nikomacoons-cattery.com, est amen\u00e9e \u00e0 collecter et \u00e0 traiter des informations dont certaines sont qualifi\u00e9es de \u00ab donn\u00e9es personnelles \u00bb. Une grande importance est attach\u00e9 au respect de la vie priv\u00e9e, avec une utilisation des donn\u00e9es uniquement de mani\u00e8re responsable et confidentielle et dans une finalit\u00e9 pr\u00e9cise. Donn\u00e9es personnelles Sur le site web&nbsp;https:\/\/www.lespomskydestella.com , 2 types de donn\u00e9es sont susceptibles d\u2019\u00eatre recueillies : Les donn\u00e9es transmises directement Les donn\u00e9es collect\u00e9es automatiquement Utilisation des donn\u00e9es Les donn\u00e9es que vous transmettez directement sont utilis\u00e9es dans le but de vous re-contacter et\/ou dans le cadre de la demande que vous faites. Les donn\u00e9es \u00ab web analytics \u00bb sont collect\u00e9es de forme anonyme (en enregistrant des adresses IP anonymes) par Google Analytics, et permettent de mesurer l\u2019audience du site web, les consultations et les \u00e9ventuelles erreurs afin d\u2019am\u00e9liorer constamment l\u2019exp\u00e9rience des utilisateurs. Ces donn\u00e9es sont utilis\u00e9es par Nathalie DEBRENNE, responsable du traitement des donn\u00e9es, et ne seront jamais c\u00e9d\u00e9es \u00e0 un tiers ni utilis\u00e9es \u00e0 d\u2019autres fins que celles d\u00e9taill\u00e9es ci-dessus. Base l\u00e9gale Les donn\u00e9es personnelles ne sont collect\u00e9es qu\u2019apr\u00e8s consentement obligatoire de l\u2019utilisateur. Ce consentement est valablement recueilli (boutons et cases \u00e0 cocher), libre, clair et sans \u00e9quivoque. Dur\u00e9e de conservation Les donn\u00e9es seront sauvegard\u00e9es durant une dur\u00e9e maximale de 3 ans. Contenu embarqu\u00e9 depuis un autre site Les articles et pages de ce site peuvent inclure des contenus int\u00e9gr\u00e9s (par exemple des vid\u00e9os, images, articles\u2026). Le contenu int\u00e9gr\u00e9 depuis d\u2019autres sites se comporte de la m\u00eame mani\u00e8re que si le visiteur se rendait sur cet autre site. Ces sites web pourraient collecter des donn\u00e9es sur vous, utiliser des cookies, embarquer des outils de suivis tiers, suivre vos interactions avec ces contenus embarqu\u00e9s si vous disposez d\u2019un compte connect\u00e9 sur leur site web. Cookies Voici la liste des cookies utilis\u00e9es et leur objectif : Vos droits concernant les donn\u00e9es personnelles Vous avez le droit de consultation, demande de modification ou d\u2019effacement sur l\u2019ensemble de vos donn\u00e9es personnelles. Vous pouvez \u00e9galement retirer votre consentement au traitement de vos donn\u00e9es.","og_url":"https:\/\/lespomskydestella.com\/index.php\/politique-de-confidentialite-2\/","twitter_card":"summary_large_image","schema":{"@context":"https:\/\/schema.org","@graph":[{"@type":"WebPage","@id":"https:\/\/lespomskydestella.com\/index.php\/politique-de-confidentialite-2\/","url":"https:\/\/lespomskydestella.com\/index.php\/politique-de-confidentialite-2\/","name":"Politique de Confidentialit\u00e9 -","isPartOf":{"@id":"https:\/\/lespomskydestella.com\/#website"},"datePublished":"2022-09-06T15:16:59+00:00","breadcrumb":{"@id":"https:\/\/lespomskydestella.com\/index.php\/politique-de-confidentialite-2\/#breadcrumb"},"inLanguage":"en-US","potentialAction":[{"@type":"ReadAction","target":["https:\/\/lespomskydestella.com\/index.php\/politique-de-confidentialite-2\/"]}]},{"@type":"BreadcrumbList","@id":"https:\/\/lespomskydestella.com\/index.php\/politique-de-confidentialite-2\/#breadcrumb","itemListElement":[{"@type":"ListItem","position":1,"name":"Accueil","item":"https:\/\/lespomskydestella.com\/"},{"@type":"ListItem","position":2,"name":"Politique de Confidentialit\u00e9"}]},{"@type":"WebSite","@id":"https:\/\/lespomskydestella.com\/#website","url":"https:\/\/lespomskydestella.com\/","name":"les pomsky de stella","description":"","publisher":{"@id":"https:\/\/lespomskydestella.com\/#organization"},"potentialAction":[{"@type":"SearchAction","target":{"@type":"EntryPoint","urlTemplate":"https:\/\/lespomskydestella.com\/?s={search_term_string}"},"query-input":{"@type":"PropertyValueSpecification","valueRequired":true,"valueName":"search_term_string"}}],"inLanguage":"en-US"},{"@type":"Organization","@id":"https:\/\/lespomskydestella.com\/#organization","name":"les pomsky de stella","url":"https:\/\/lespomskydestella.com\/","logo":{"@type":"ImageObject","inLanguage":"en-US","@id":"https:\/\/lespomskydestella.com\/#\/schema\/logo\/image\/","url":"https:\/\/lespomskydestella.com\/wp-content\/uploads\/2023\/08\/cropped-Calque-1-copie-4xhdpi-1.png","contentUrl":"https:\/\/lespomskydestella.com\/wp-content\/uploads\/2023\/08\/cropped-Calque-1-copie-4xhdpi-1.png","width":242,"height":257,"caption":"les pomsky de stella"},"image":{"@id":"https:\/\/lespomskydestella.com\/#\/schema\/logo\/image\/"}}]}},"uagb_featured_image_src":{"full":false,"thumbnail":false,"medium":false,"medium_large":false,"large":false,"1536x1536":false,"2048x2048":false},"uagb_author_info":{"display_name":"lespomskydestella","author_link":"https:\/\/lespomskydestella.com\/index.php\/author\/lespomskydestella\/"},"uagb_comment_info":0,"uagb_excerpt":"Dans le cadre de son activit\u00e9, Nikomacoon\u2019s Cattery, via le site internet&nbsp;https:\/\/www.nikomacoons-cattery.com, est amen\u00e9e \u00e0 collecter et \u00e0 traiter des informations dont certaines sont qualifi\u00e9es de \u00ab donn\u00e9es personnelles \u00bb. Une grande importance est attach\u00e9 au respect de la vie priv\u00e9e, avec une utilisation des donn\u00e9es uniquement de mani\u00e8re responsable et confidentielle et dans une&hellip;","_links":{"self":[{"href":"https:\/\/lespomskydestella.com\/index.php\/wp-json\/wp\/v2\/pages\/95","targetHints":{"allow":["GET"]}}],"collection":[{"href":"https:\/\/lespomskydestella.com\/index.php\/wp-json\/wp\/v2\/pages"}],"about":[{"href":"https:\/\/lespomskydestella.com\/index.php\/wp-json\/wp\/v2\/types\/page"}],"author":[{"embeddable":true,"href":"https:\/\/lespomskydestella.com\/index.php\/wp-json\/wp\/v2\/users\/2"}],"replies":[{"embeddable":true,"href":"https:\/\/lespomskydestella.com\/index.php\/wp-json\/wp\/v2\/comments?post=95"}],"version-history":[{"count":1,"href":"https:\/\/lespomskydestella.com\/index.php\/wp-json\/wp\/v2\/pages\/95\/revisions"}],"predecessor-version":[{"id":1318,"href":"https:\/\/lespomskydestella.com\/index.php\/wp-json\/wp\/v2\/pages\/95\/revisions\/1318"}],"wp:attachment":[{"href":"https:\/\/lespomskydestella.com\/index.php\/wp-json\/wp\/v2\/media?parent=95"}],"curies":[{"name":"wp","href":"https:\/\/api.w.org\/{rel}","templated":true}]}}