{"id":1789,"date":"2024-05-20T22:43:35","date_gmt":"2024-05-20T20:43:35","guid":{"rendered":"https:\/\/lespomskydestella.com\/?page_id=1789"},"modified":"2024-06-04T23:32:16","modified_gmt":"2024-06-04T21:32:16","slug":"blog-2","status":"publish","type":"page","link":"https:\/\/lespomskydestella.com\/index.php\/blog-2\/","title":{"rendered":"blog"},"content":{"rendered":"\t\t<div data-elementor-type=\"wp-page\" data-elementor-id=\"1789\" class=\"elementor elementor-1789\">\n\t\t\t\t<div class=\"elementor-element elementor-element-ae29625 e-flex e-con-boxed wpr-particle-no wpr-jarallax-no wpr-parallax-no wpr-sticky-section-no e-con e-parent\" data-id=\"ae29625\" data-element_type=\"container\" data-settings=\"{&quot;background_background&quot;:&quot;classic&quot;}\">\n\t\t\t\t\t<div class=\"e-con-inner\">\n\t\t\t\t<div class=\"elementor-element elementor-element-3c31cc6 elementor-widget elementor-widget-heading\" data-id=\"3c31cc6\" data-element_type=\"widget\" data-widget_type=\"heading.default\">\n\t\t\t\t<div class=\"elementor-widget-container\">\n\t\t\t\t\t<h1 class=\"elementor-heading-title elementor-size-default\">Tout savoir Sur le Pomsky<\/h1>\t\t\t\t<\/div>\n\t\t\t\t<\/div>\n\t\t\t\t\t<\/div>\n\t\t\t\t<\/div>\n\t\t<div class=\"elementor-element elementor-element-40b9070 e-flex e-con-boxed wpr-particle-no wpr-jarallax-no wpr-parallax-no wpr-sticky-section-no e-con e-parent\" data-id=\"40b9070\" data-element_type=\"container\" data-settings=\"{&quot;background_background&quot;:&quot;classic&quot;}\">\n\t\t\t\t\t<div class=\"e-con-inner\">\n\t\t\t\t<div class=\"elementor-element elementor-element-2609796 elementor-position-top elementor-widget elementor-widget-image-box\" data-id=\"2609796\" data-element_type=\"widget\" data-widget_type=\"image-box.default\">\n\t\t\t\t<div class=\"elementor-widget-container\">\n\t\t\t\t\t<div class=\"elementor-image-box-wrapper\"><figure class=\"elementor-image-box-img\"><a href=\"https:\/\/lespomskydestella.com\/index.php\/ou-adopter-un-pomsky-a-paris\/\" tabindex=\"-1\"><img fetchpriority=\"high\" decoding=\"async\" width=\"1024\" height=\"683\" src=\"https:\/\/lespomskydestella.com\/wp-content\/uploads\/2024\/05\/05052024-DT3A6230-1.webp\" class=\"attachment-full size-full wp-image-1748\" alt=\"Pomsky masquage husky\" srcset=\"https:\/\/lespomskydestella.com\/wp-content\/uploads\/2024\/05\/05052024-DT3A6230-1.webp 1024w, https:\/\/lespomskydestella.com\/wp-content\/uploads\/2024\/05\/05052024-DT3A6230-1-300x200.webp 300w, https:\/\/lespomskydestella.com\/wp-content\/uploads\/2024\/05\/05052024-DT3A6230-1-768x512.webp 768w\" sizes=\"(max-width: 1024px) 100vw, 1024px\" \/><\/a><\/figure><div class=\"elementor-image-box-content\"><h3 class=\"elementor-image-box-title\"><a href=\"https:\/\/lespomskydestella.com\/index.php\/ou-adopter-un-pomsky-a-paris\/\">O\u00f9 adopter un Pomsky ?<\/a><\/h3><\/div><\/div>\t\t\t\t<\/div>\n\t\t\t\t<\/div>\n\t\t\t\t<div class=\"elementor-element elementor-element-d9680a5 elementor-position-top elementor-widget elementor-widget-image-box\" data-id=\"d9680a5\" data-element_type=\"widget\" data-widget_type=\"image-box.default\">\n\t\t\t\t<div class=\"elementor-widget-container\">\n\t\t\t\t\t<div class=\"elementor-image-box-wrapper\"><figure class=\"elementor-image-box-img\"><a href=\"https:\/\/lespomskydestella.com\/index.php\/comment-adopter-un-pomsky-et-comment-cela-se-passe-t-il\/\" tabindex=\"-1\"><img decoding=\"async\" width=\"2560\" height=\"1707\" src=\"https:\/\/lespomskydestella.com\/wp-content\/uploads\/2023\/08\/les-pomsky-de-stella-scaled.jpg\" class=\"attachment-full size-full wp-image-1347\" alt=\"\" srcset=\"https:\/\/lespomskydestella.com\/wp-content\/uploads\/2023\/08\/les-pomsky-de-stella-scaled.jpg 2560w, https:\/\/lespomskydestella.com\/wp-content\/uploads\/2023\/08\/les-pomsky-de-stella-300x200.jpg 300w, https:\/\/lespomskydestella.com\/wp-content\/uploads\/2023\/08\/les-pomsky-de-stella-1024x683.jpg 1024w, https:\/\/lespomskydestella.com\/wp-content\/uploads\/2023\/08\/les-pomsky-de-stella-768x512.jpg 768w, https:\/\/lespomskydestella.com\/wp-content\/uploads\/2023\/08\/les-pomsky-de-stella-1536x1024.jpg 1536w, https:\/\/lespomskydestella.com\/wp-content\/uploads\/2023\/08\/les-pomsky-de-stella-2048x1365.jpg 2048w\" sizes=\"(max-width: 2560px) 100vw, 2560px\" \/><\/a><\/figure><div class=\"elementor-image-box-content\"><h3 class=\"elementor-image-box-title\"><a href=\"https:\/\/lespomskydestella.com\/index.php\/comment-adopter-un-pomsky-et-comment-cela-se-passe-t-il\/\">Comment r\u00e9server un pomsky ?<\/a><\/h3><\/div><\/div>\t\t\t\t<\/div>\n\t\t\t\t<\/div>\n\t\t\t\t<div class=\"elementor-element elementor-element-7cffc83 elementor-position-top elementor-widget elementor-widget-image-box\" data-id=\"7cffc83\" data-element_type=\"widget\" data-widget_type=\"image-box.default\">\n\t\t\t\t<div class=\"elementor-widget-container\">\n\t\t\t\t\t<div class=\"elementor-image-box-wrapper\"><figure class=\"elementor-image-box-img\"><a href=\"https:\/\/lespomskydestella.com\/index.php\/ou-acheter-un-pomsky\/\" tabindex=\"-1\"><img decoding=\"async\" width=\"2560\" height=\"1707\" src=\"https:\/\/lespomskydestella.com\/wp-content\/uploads\/2024\/04\/12032024-DT3A5233-scaled.jpg\" class=\"attachment-full size-full wp-image-1716\" alt=\"\" srcset=\"https:\/\/lespomskydestella.com\/wp-content\/uploads\/2024\/04\/12032024-DT3A5233-scaled.jpg 2560w, https:\/\/lespomskydestella.com\/wp-content\/uploads\/2024\/04\/12032024-DT3A5233-300x200.jpg 300w, https:\/\/lespomskydestella.com\/wp-content\/uploads\/2024\/04\/12032024-DT3A5233-1024x683.jpg 1024w, https:\/\/lespomskydestella.com\/wp-content\/uploads\/2024\/04\/12032024-DT3A5233-768x512.jpg 768w, https:\/\/lespomskydestella.com\/wp-content\/uploads\/2024\/04\/12032024-DT3A5233-1536x1024.jpg 1536w, https:\/\/lespomskydestella.com\/wp-content\/uploads\/2024\/04\/12032024-DT3A5233-2048x1365.jpg 2048w\" sizes=\"(max-width: 2560px) 100vw, 2560px\" \/><\/a><\/figure><div class=\"elementor-image-box-content\"><h3 class=\"elementor-image-box-title\"><a href=\"https:\/\/lespomskydestella.com\/index.php\/ou-acheter-un-pomsky\/\">Tout Savoir sur le Pomsky<\/a><\/h3><\/div><\/div>\t\t\t\t<\/div>\n\t\t\t\t<\/div>\n\t\t\t\t\t<\/div>\n\t\t\t\t<\/div>\n\t\t<div class=\"elementor-element elementor-element-e6a801a e-flex e-con-boxed wpr-particle-no wpr-jarallax-no wpr-parallax-no wpr-sticky-section-no e-con e-parent\" data-id=\"e6a801a\" data-element_type=\"container\" data-settings=\"{&quot;background_background&quot;:&quot;classic&quot;}\">\n\t\t\t\t\t<div class=\"e-con-inner\">\n\t\t\t\t<div class=\"elementor-element elementor-element-e259872 elementor-position-top elementor-widget elementor-widget-image-box\" data-id=\"e259872\" data-element_type=\"widget\" data-widget_type=\"image-box.default\">\n\t\t\t\t<div class=\"elementor-widget-container\">\n\t\t\t\t\t<div class=\"elementor-image-box-wrapper\"><figure class=\"elementor-image-box-img\"><a href=\"https:\/\/lespomskydestella.com\/index.php\/prix-dun-pomsky\/\" tabindex=\"-1\"><img loading=\"lazy\" decoding=\"async\" width=\"1600\" height=\"1066\" src=\"https:\/\/lespomskydestella.com\/wp-content\/uploads\/2024\/03\/image_6483441-6-1.jpg\" class=\"attachment-full size-full wp-image-1674\" alt=\"pomsky\" srcset=\"https:\/\/lespomskydestella.com\/wp-content\/uploads\/2024\/03\/image_6483441-6-1.jpg 1600w, https:\/\/lespomskydestella.com\/wp-content\/uploads\/2024\/03\/image_6483441-6-1-300x200.jpg 300w, https:\/\/lespomskydestella.com\/wp-content\/uploads\/2024\/03\/image_6483441-6-1-1024x682.jpg 1024w, https:\/\/lespomskydestella.com\/wp-content\/uploads\/2024\/03\/image_6483441-6-1-768x512.jpg 768w, https:\/\/lespomskydestella.com\/wp-content\/uploads\/2024\/03\/image_6483441-6-1-1536x1023.jpg 1536w\" sizes=\"(max-width: 1600px) 100vw, 1600px\" \/><\/a><\/figure><div class=\"elementor-image-box-content\"><h3 class=\"elementor-image-box-title\"><a href=\"https:\/\/lespomskydestella.com\/index.php\/prix-dun-pomsky\/\">Prix du Pomsky<\/a><\/h3><\/div><\/div>\t\t\t\t<\/div>\n\t\t\t\t<\/div>\n\t\t\t\t<div class=\"elementor-element elementor-element-1f19675 elementor-position-top elementor-widget elementor-widget-image-box\" data-id=\"1f19675\" data-element_type=\"widget\" data-widget_type=\"image-box.default\">\n\t\t\t\t<div class=\"elementor-widget-container\">\n\t\t\t\t\t<div class=\"elementor-image-box-wrapper\"><figure class=\"elementor-image-box-img\"><a href=\"https:\/\/lespomskydestella.com\/index.php\/apprentissage-de-la-proprete-dun-chiot-pomsky\/\" tabindex=\"-1\"><img loading=\"lazy\" decoding=\"async\" width=\"1024\" height=\"683\" src=\"https:\/\/lespomskydestella.com\/wp-content\/uploads\/2023\/08\/femelle-pomsky-min.webp\" class=\"attachment-full size-full wp-image-1284\" alt=\"ti nours\" srcset=\"https:\/\/lespomskydestella.com\/wp-content\/uploads\/2023\/08\/femelle-pomsky-min.webp 1024w, https:\/\/lespomskydestella.com\/wp-content\/uploads\/2023\/08\/femelle-pomsky-min-300x200.webp 300w, https:\/\/lespomskydestella.com\/wp-content\/uploads\/2023\/08\/femelle-pomsky-min-768x512.webp 768w\" sizes=\"(max-width: 1024px) 100vw, 1024px\" \/><\/a><\/figure><div class=\"elementor-image-box-content\"><h3 class=\"elementor-image-box-title\"><a href=\"https:\/\/lespomskydestella.com\/index.php\/apprentissage-de-la-proprete-dun-chiot-pomsky\/\">Apprentissage de la propret\u00e9 \u00e0 un chiot Pomsky<\/a><\/h3><\/div><\/div>\t\t\t\t<\/div>\n\t\t\t\t<\/div>\n\t\t\t\t\t<\/div>\n\t\t\t\t<\/div>\n\t\t\t\t<\/div>\n\t\t","protected":false},"excerpt":{"rendered":"<p>Tout savoir Sur le Pomsky O\u00f9 adopter un Pomsky ? Comment r\u00e9server un pomsky ? Tout Savoir sur le Pomsky Prix du Pomsky Apprentissage de la propret\u00e9 \u00e0 un chiot Pomsky<\/p>\n","protected":false},"author":1,"featured_media":0,"parent":0,"menu_order":0,"comment_status":"closed","ping_status":"closed","template":"","meta":{"_uag_custom_page_level_css":"","_monsterinsights_skip_tracking":false,"_monsterinsights_sitenote_active":false,"_monsterinsights_sitenote_note":"","_monsterinsights_sitenote_category":0,"site-sidebar-layout":"no-sidebar","site-content-layout":"page-builder","ast-site-content-layout":"full-width-container","site-content-style":"default","site-sidebar-style":"default","ast-global-header-display":"","ast-banner-title-visibility":"","ast-main-header-display":"","ast-hfb-above-header-display":"","ast-hfb-below-header-display":"","ast-hfb-mobile-header-display":"","site-post-title":"disabled","ast-breadcrumbs-content":"","ast-featured-img":"disabled","footer-sml-layout":"","theme-transparent-header-meta":"","adv-header-id-meta":"","stick-header-meta":"","header-above-stick-meta":"","header-main-stick-meta":"","header-below-stick-meta":"","astra-migrate-meta-layouts":"set","ast-page-background-enabled":"default","ast-page-background-meta":{"desktop":{"background-color":"var(--ast-global-color-4)","background-image":"","background-repeat":"repeat","background-position":"center center","background-size":"auto","background-attachment":"scroll","background-type":"","background-media":"","overlay-type":"","overlay-color":"","overlay-gradient":""},"tablet":{"background-color":"","background-image":"","background-repeat":"repeat","background-position":"center center","background-size":"auto","background-attachment":"scroll","background-type":"","background-media":"","overlay-type":"","overlay-color":"","overlay-gradient":""},"mobile":{"background-color":"","background-image":"","background-repeat":"repeat","background-position":"center center","background-size":"auto","background-attachment":"scroll","background-type":"","background-media":"","overlay-type":"","overlay-color":"","overlay-gradient":""}},"ast-content-background-meta":{"desktop":{"background-color":"var(--ast-global-color-5)","background-image":"","background-repeat":"repeat","background-position":"center center","background-size":"auto","background-attachment":"scroll","background-type":"","background-media":"","overlay-type":"","overlay-color":"","overlay-gradient":""},"tablet":{"background-color":"var(--ast-global-color-5)","background-image":"","background-repeat":"repeat","background-position":"center center","background-size":"auto","background-attachment":"scroll","background-type":"","background-media":"","overlay-type":"","overlay-color":"","overlay-gradient":""},"mobile":{"background-color":"var(--ast-global-color-5)","background-image":"","background-repeat":"repeat","background-position":"center center","background-size":"auto","background-attachment":"scroll","background-type":"","background-media":"","overlay-type":"","overlay-color":"","overlay-gradient":""}},"footnotes":""},"class_list":["post-1789","page","type-page","status-publish","hentry"],"yoast_head":"<!-- This site is optimized with the Yoast SEO plugin v24.9 - https:\/\/yoast.com\/wordpress\/plugins\/seo\/ -->\n<title>blog -<\/title>\n<meta name=\"robots\" content=\"index, follow, max-snippet:-1, max-image-preview:large, max-video-preview:-1\" \/>\n<link rel=\"canonical\" href=\"https:\/\/lespomskydestella.com\/index.php\/blog-2\/\" \/>\n<meta property=\"og:locale\" content=\"en_US\" \/>\n<meta property=\"og:type\" content=\"article\" \/>\n<meta property=\"og:title\" content=\"blog -\" \/>\n<meta property=\"og:description\" content=\"Tout savoir Sur le Pomsky O\u00f9 adopter un Pomsky ? Comment r\u00e9server un pomsky ? Tout Savoir sur le Pomsky Prix du Pomsky Apprentissage de la propret\u00e9 \u00e0 un chiot Pomsky\" \/>\n<meta property=\"og:url\" content=\"https:\/\/lespomskydestella.com\/index.php\/blog-2\/\" \/>\n<meta property=\"article:modified_time\" content=\"2024-06-04T21:32:16+00:00\" \/>\n<meta property=\"og:image\" content=\"https:\/\/lespomskydestella.com\/wp-content\/uploads\/2024\/05\/05052024-DT3A6230-1.webp\" \/>\n<meta name=\"twitter:card\" content=\"summary_large_image\" \/>\n<meta name=\"twitter:label1\" content=\"Est. reading time\" \/>\n\t<meta name=\"twitter:data1\" content=\"2 minutes\" \/>\n<script type=\"application\/ld+json\" class=\"yoast-schema-graph\">{\"@context\":\"https:\/\/schema.org\",\"@graph\":[{\"@type\":\"WebPage\",\"@id\":\"https:\/\/lespomskydestella.com\/index.php\/blog-2\/\",\"url\":\"https:\/\/lespomskydestella.com\/index.php\/blog-2\/\",\"name\":\"blog -\",\"isPartOf\":{\"@id\":\"https:\/\/lespomskydestella.com\/#website\"},\"primaryImageOfPage\":{\"@id\":\"https:\/\/lespomskydestella.com\/index.php\/blog-2\/#primaryimage\"},\"image\":{\"@id\":\"https:\/\/lespomskydestella.com\/index.php\/blog-2\/#primaryimage\"},\"thumbnailUrl\":\"https:\/\/lespomskydestella.com\/wp-content\/uploads\/2024\/05\/05052024-DT3A6230-1.webp\",\"datePublished\":\"2024-05-20T20:43:35+00:00\",\"dateModified\":\"2024-06-04T21:32:16+00:00\",\"breadcrumb\":{\"@id\":\"https:\/\/lespomskydestella.com\/index.php\/blog-2\/#breadcrumb\"},\"inLanguage\":\"en-US\",\"potentialAction\":[{\"@type\":\"ReadAction\",\"target\":[\"https:\/\/lespomskydestella.com\/index.php\/blog-2\/\"]}]},{\"@type\":\"ImageObject\",\"inLanguage\":\"en-US\",\"@id\":\"https:\/\/lespomskydestella.com\/index.php\/blog-2\/#primaryimage\",\"url\":\"https:\/\/lespomskydestella.com\/wp-content\/uploads\/2024\/05\/05052024-DT3A6230-1.webp\",\"contentUrl\":\"https:\/\/lespomskydestella.com\/wp-content\/uploads\/2024\/05\/05052024-DT3A6230-1.webp\",\"width\":1024,\"height\":683,\"caption\":\"Pomsky masquage husky\"},{\"@type\":\"BreadcrumbList\",\"@id\":\"https:\/\/lespomskydestella.com\/index.php\/blog-2\/#breadcrumb\",\"itemListElement\":[{\"@type\":\"ListItem\",\"position\":1,\"name\":\"Accueil\",\"item\":\"https:\/\/lespomskydestella.com\/\"},{\"@type\":\"ListItem\",\"position\":2,\"name\":\"blog\"}]},{\"@type\":\"WebSite\",\"@id\":\"https:\/\/lespomskydestella.com\/#website\",\"url\":\"https:\/\/lespomskydestella.com\/\",\"name\":\"les pomsky de stella\",\"description\":\"\",\"publisher\":{\"@id\":\"https:\/\/lespomskydestella.com\/#organization\"},\"potentialAction\":[{\"@type\":\"SearchAction\",\"target\":{\"@type\":\"EntryPoint\",\"urlTemplate\":\"https:\/\/lespomskydestella.com\/?s={search_term_string}\"},\"query-input\":{\"@type\":\"PropertyValueSpecification\",\"valueRequired\":true,\"valueName\":\"search_term_string\"}}],\"inLanguage\":\"en-US\"},{\"@type\":\"Organization\",\"@id\":\"https:\/\/lespomskydestella.com\/#organization\",\"name\":\"les pomsky de stella\",\"url\":\"https:\/\/lespomskydestella.com\/\",\"logo\":{\"@type\":\"ImageObject\",\"inLanguage\":\"en-US\",\"@id\":\"https:\/\/lespomskydestella.com\/#\/schema\/logo\/image\/\",\"url\":\"https:\/\/lespomskydestella.com\/wp-content\/uploads\/2023\/08\/cropped-Calque-1-copie-4xhdpi-1.png\",\"contentUrl\":\"https:\/\/lespomskydestella.com\/wp-content\/uploads\/2023\/08\/cropped-Calque-1-copie-4xhdpi-1.png\",\"width\":242,\"height\":257,\"caption\":\"les pomsky de stella\"},\"image\":{\"@id\":\"https:\/\/lespomskydestella.com\/#\/schema\/logo\/image\/\"}}]}<\/script>\n<!-- \/ Yoast SEO plugin. -->","yoast_head_json":{"title":"blog -","robots":{"index":"index","follow":"follow","max-snippet":"max-snippet:-1","max-image-preview":"max-image-preview:large","max-video-preview":"max-video-preview:-1"},"canonical":"https:\/\/lespomskydestella.com\/index.php\/blog-2\/","og_locale":"en_US","og_type":"article","og_title":"blog -","og_description":"Tout savoir Sur le Pomsky O\u00f9 adopter un Pomsky ? Comment r\u00e9server un pomsky ? Tout Savoir sur le Pomsky Prix du Pomsky Apprentissage de la propret\u00e9 \u00e0 un chiot Pomsky","og_url":"https:\/\/lespomskydestella.com\/index.php\/blog-2\/","article_modified_time":"2024-06-04T21:32:16+00:00","og_image":[{"url":"https:\/\/lespomskydestella.com\/wp-content\/uploads\/2024\/05\/05052024-DT3A6230-1.webp","type":"","width":"","height":""}],"twitter_card":"summary_large_image","twitter_misc":{"Est. reading time":"2 minutes"},"schema":{"@context":"https:\/\/schema.org","@graph":[{"@type":"WebPage","@id":"https:\/\/lespomskydestella.com\/index.php\/blog-2\/","url":"https:\/\/lespomskydestella.com\/index.php\/blog-2\/","name":"blog -","isPartOf":{"@id":"https:\/\/lespomskydestella.com\/#website"},"primaryImageOfPage":{"@id":"https:\/\/lespomskydestella.com\/index.php\/blog-2\/#primaryimage"},"image":{"@id":"https:\/\/lespomskydestella.com\/index.php\/blog-2\/#primaryimage"},"thumbnailUrl":"https:\/\/lespomskydestella.com\/wp-content\/uploads\/2024\/05\/05052024-DT3A6230-1.webp","datePublished":"2024-05-20T20:43:35+00:00","dateModified":"2024-06-04T21:32:16+00:00","breadcrumb":{"@id":"https:\/\/lespomskydestella.com\/index.php\/blog-2\/#breadcrumb"},"inLanguage":"en-US","potentialAction":[{"@type":"ReadAction","target":["https:\/\/lespomskydestella.com\/index.php\/blog-2\/"]}]},{"@type":"ImageObject","inLanguage":"en-US","@id":"https:\/\/lespomskydestella.com\/index.php\/blog-2\/#primaryimage","url":"https:\/\/lespomskydestella.com\/wp-content\/uploads\/2024\/05\/05052024-DT3A6230-1.webp","contentUrl":"https:\/\/lespomskydestella.com\/wp-content\/uploads\/2024\/05\/05052024-DT3A6230-1.webp","width":1024,"height":683,"caption":"Pomsky masquage husky"},{"@type":"BreadcrumbList","@id":"https:\/\/lespomskydestella.com\/index.php\/blog-2\/#breadcrumb","itemListElement":[{"@type":"ListItem","position":1,"name":"Accueil","item":"https:\/\/lespomskydestella.com\/"},{"@type":"ListItem","position":2,"name":"blog"}]},{"@type":"WebSite","@id":"https:\/\/lespomskydestella.com\/#website","url":"https:\/\/lespomskydestella.com\/","name":"les pomsky de stella","description":"","publisher":{"@id":"https:\/\/lespomskydestella.com\/#organization"},"potentialAction":[{"@type":"SearchAction","target":{"@type":"EntryPoint","urlTemplate":"https:\/\/lespomskydestella.com\/?s={search_term_string}"},"query-input":{"@type":"PropertyValueSpecification","valueRequired":true,"valueName":"search_term_string"}}],"inLanguage":"en-US"},{"@type":"Organization","@id":"https:\/\/lespomskydestella.com\/#organization","name":"les pomsky de stella","url":"https:\/\/lespomskydestella.com\/","logo":{"@type":"ImageObject","inLanguage":"en-US","@id":"https:\/\/lespomskydestella.com\/#\/schema\/logo\/image\/","url":"https:\/\/lespomskydestella.com\/wp-content\/uploads\/2023\/08\/cropped-Calque-1-copie-4xhdpi-1.png","contentUrl":"https:\/\/lespomskydestella.com\/wp-content\/uploads\/2023\/08\/cropped-Calque-1-copie-4xhdpi-1.png","width":242,"height":257,"caption":"les pomsky de stella"},"image":{"@id":"https:\/\/lespomskydestella.com\/#\/schema\/logo\/image\/"}}]}},"uagb_featured_image_src":{"full":false,"thumbnail":false,"medium":false,"medium_large":false,"large":false,"1536x1536":false,"2048x2048":false},"uagb_author_info":{"display_name":"guillaume.jfl","author_link":"https:\/\/lespomskydestella.com\/index.php\/author\/guillaume-jfl\/"},"uagb_comment_info":0,"uagb_excerpt":"Tout savoir Sur le Pomsky O\u00f9 adopter un Pomsky ? Comment r\u00e9server un pomsky ? Tout Savoir sur le Pomsky Prix du Pomsky Apprentissage de la propret\u00e9 \u00e0 un chiot Pomsky","_links":{"self":[{"href":"https:\/\/lespomskydestella.com\/index.php\/wp-json\/wp\/v2\/pages\/1789","targetHints":{"allow":["GET"]}}],"collection":[{"href":"https:\/\/lespomskydestella.com\/index.php\/wp-json\/wp\/v2\/pages"}],"about":[{"href":"https:\/\/lespomskydestella.com\/index.php\/wp-json\/wp\/v2\/types\/page"}],"author":[{"embeddable":true,"href":"https:\/\/lespomskydestella.com\/index.php\/wp-json\/wp\/v2\/users\/1"}],"replies":[{"embeddable":true,"href":"https:\/\/lespomskydestella.com\/index.php\/wp-json\/wp\/v2\/comments?post=1789"}],"version-history":[{"count":10,"href":"https:\/\/lespomskydestella.com\/index.php\/wp-json\/wp\/v2\/pages\/1789\/revisions"}],"predecessor-version":[{"id":1903,"href":"https:\/\/lespomskydestella.com\/index.php\/wp-json\/wp\/v2\/pages\/1789\/revisions\/1903"}],"wp:attachment":[{"href":"https:\/\/lespomskydestella.com\/index.php\/wp-json\/wp\/v2\/media?parent=1789"}],"curies":[{"name":"wp","href":"https:\/\/api.w.org\/{rel}","templated":true}]}}